{"id":39,"date":"2024-02-25T13:27:20","date_gmt":"2024-02-25T13:27:20","guid":{"rendered":"https:\/\/apkompmultimedia.com\/app\/?post_type=product&#038;p=39"},"modified":"2024-05-28T21:44:00","modified_gmt":"2024-05-28T21:44:00","slug":"oceano-programa-destinado-a-gestao-comercial-e-industrial-stocks-e-faturacao","status":"publish","type":"product","link":"https:\/\/apkompmultimedia.com\/app\/index.php\/produto\/oceano-programa-destinado-a-gestao-comercial-e-industrial-stocks-e-faturacao\/","title":{"rendered":"OCEANO &#8211; Programa destinado \u00e0 gest\u00e3o comercial e industrial (stocks e fatura\u00e7\u00e3o)"},"content":{"rendered":"<p>Programa destinado \u00e0 gest\u00e3o comercial e industrial<\/p>\n<div class=\"prodcaract\">\n<a href=\"http:\/\/www.youtube.com\/user\/oceanoapkomp\" target=\"_blank\" rel=\"noopener\">V\u00eddeos Informativos<\/a><\/p>\n<\/div>\n","protected":false},"excerpt":{"rendered":"<p>Programa destinado \u00e0 gest\u00e3o comercial e industrial<\/p>\n","protected":false},"featured_media":155,"template":"","meta":[],"product_brand":[],"product_cat":[33,39],"product_tag":[],"class_list":{"0":"post-39","1":"product","2":"type-product","3":"status-publish","4":"has-post-thumbnail","6":"product_cat-software","7":"product_cat-software-apkomp","9":"first","10":"onbackorder","11":"shipping-taxable","12":"purchasable","13":"product-type-simple"},"_links":{"self":[{"href":"https:\/\/apkompmultimedia.com\/app\/index.php\/wp-json\/wp\/v2\/product\/39","targetHints":{"allow":["GET"]}}],"collection":[{"href":"https:\/\/apkompmultimedia.com\/app\/index.php\/wp-json\/wp\/v2\/product"}],"about":[{"href":"https:\/\/apkompmultimedia.com\/app\/index.php\/wp-json\/wp\/v2\/types\/product"}],"wp:featuredmedia":[{"embeddable":true,"href":"https:\/\/apkompmultimedia.com\/app\/index.php\/wp-json\/wp\/v2\/media\/155"}],"wp:attachment":[{"href":"https:\/\/apkompmultimedia.com\/app\/index.php\/wp-json\/wp\/v2\/media?parent=39"}],"wp:term":[{"taxonomy":"product_brand","embeddable":true,"href":"https:\/\/apkompmultimedia.com\/app\/index.php\/wp-json\/wp\/v2\/product_brand?post=39"},{"taxonomy":"product_cat","embeddable":true,"href":"https:\/\/apkompmultimedia.com\/app\/index.php\/wp-json\/wp\/v2\/product_cat?post=39"},{"taxonomy":"product_tag","embeddable":true,"href":"https:\/\/apkompmultimedia.com\/app\/index.php\/wp-json\/wp\/v2\/product_tag?post=39"}],"curies":[{"name":"wp","href":"https:\/\/api.w.org\/{rel}","templated":true}]}}